{"id":5497,"date":"2022-02-21T10:16:52","date_gmt":"2022-02-21T10:16:52","guid":{"rendered":"https:\/\/www.hosting-ditrali.com.es\/controlgraf1\/qa\/durometers\/"},"modified":"2025-09-01T13:15:26","modified_gmt":"2025-09-01T13:15:26","slug":"durometers","status":"publish","type":"page","link":"https:\/\/www.controlgraf.com\/en\/qa\/durometers\/","title":{"rendered":"Durometers"},"content":{"rendered":"[vc_row type=&#8221;in_container&#8221; full_screen_row_position=&#8221;middle&#8221; column_margin=&#8221;default&#8221; column_direction=&#8221;default&#8221; column_direction_tablet=&#8221;default&#8221; column_direction_phone=&#8221;default&#8221; scene_position=&#8221;center&#8221; text_color=&#8221;dark&#8221; text_align=&#8221;left&#8221; row_border_radius=&#8221;none&#8221; row_border_radius_applies=&#8221;bg&#8221; overflow=&#8221;visible&#8221; overlay_strength=&#8221;0.3&#8243; gradient_direction=&#8221;left_to_right&#8221; shape_divider_position=&#8221;bottom&#8221; bg_image_animation=&#8221;none&#8221;][vc_column column_padding=&#8221;no-extra-padding&#8221; column_padding_tablet=&#8221;inherit&#8221; column_padding_phone=&#8221;inherit&#8221; column_padding_position=&#8221;all&#8221; column_element_direction_desktop=&#8221;default&#8221; column_element_spacing=&#8221;default&#8221; desktop_text_alignment=&#8221;default&#8221; tablet_text_alignment=&#8221;default&#8221; phone_text_alignment=&#8221;default&#8221; background_color_opacity=&#8221;1&#8243; background_hover_color_opacity=&#8221;1&#8243; column_backdrop_filter=&#8221;none&#8221; column_shadow=&#8221;none&#8221; column_border_radius=&#8221;none&#8221; column_link_target=&#8221;_self&#8221; column_position=&#8221;default&#8221; gradient_direction=&#8221;left_to_right&#8221; overlay_strength=&#8221;0.3&#8243; width=&#8221;1\/1&#8243; tablet_width_inherit=&#8221;default&#8221; animation_type=&#8221;default&#8221; bg_image_animation=&#8221;none&#8221; border_type=&#8221;simple&#8221; column_border_width=&#8221;none&#8221; column_border_style=&#8221;solid&#8221;][split_line_heading animation_type=&#8221;line-reveal-by-space&#8221; font_style=&#8221;h1&#8243; line_reveal_by_space_text_effect=&#8221;default&#8221; content_alignment=&#8221;center&#8221; mobile_content_alignment=&#8221;inherit&#8221; link_target=&#8221;_self&#8221; text_content=&#8221;Durometers&#8221; text_direction=&#8221;default&#8221;][\/split_line_heading][\/vc_column][\/vc_row][vc_row type=&#8221;full_width_background&#8221; full_screen_row_position=&#8221;middle&#8221; column_margin=&#8221;default&#8221; equal_height=&#8221;yes&#8221; column_direction=&#8221;default&#8221; column_direction_tablet=&#8221;default&#8221; column_direction_phone=&#8221;default&#8221; bg_color=&#8221;#ffffff&#8221; scene_position=&#8221;center&#8221; top_padding=&#8221;4%&#8221; bottom_padding=&#8221;2%&#8221; left_padding_desktop=&#8221;8%&#8221; constrain_group_2=&#8221;yes&#8221; right_padding_desktop=&#8221;8%&#8221; top_padding_tablet=&#8221;8%&#8221; constrain_group_3=&#8221;yes&#8221; bottom_padding_tablet=&#8221;8%&#8221; left_padding_phone=&#8221;0&#8243; constrain_group_6=&#8221;yes&#8221; right_padding_phone=&#8221;0&#8243; text_color=&#8221;dark&#8221; text_align=&#8221;left&#8221; row_border_radius=&#8221;none&#8221; row_border_radius_applies=&#8221;bg&#8221; overflow=&#8221;visible&#8221; advanced_gradient_angle=&#8221;0&#8243; overlay_strength=&#8221;0.3&#8243; gradient_direction=&#8221;left_to_right&#8221; shape_divider_position=&#8221;bottom&#8221; bg_image_animation=&#8221;none&#8221; shape_type=&#8221;&#8221; gradient_type=&#8221;default&#8221;][vc_column column_padding=&#8221;no-extra-padding&#8221; column_padding_tablet=&#8221;inherit&#8221; column_padding_phone=&#8221;inherit&#8221; column_padding_position=&#8221;all&#8221; column_element_direction_desktop=&#8221;default&#8221; column_element_spacing=&#8221;default&#8221; desktop_text_alignment=&#8221;default&#8221; tablet_text_alignment=&#8221;default&#8221; phone_text_alignment=&#8221;default&#8221; background_color_opacity=&#8221;1&#8243; background_hover_color_opacity=&#8221;1&#8243; column_backdrop_filter=&#8221;none&#8221; column_shadow=&#8221;none&#8221; column_border_radius=&#8221;none&#8221; column_link_target=&#8221;_self&#8221; column_position=&#8221;default&#8221; gradient_direction=&#8221;left_to_right&#8221; overlay_strength=&#8221;0.3&#8243; width=&#8221;1\/1&#8243; tablet_width_inherit=&#8221;default&#8221; animation_type=&#8221;default&#8221; bg_image_animation=&#8221;none&#8221; border_type=&#8221;simple&#8221; column_border_width=&#8221;none&#8221; column_border_style=&#8221;solid&#8221;][vc_row_inner equal_height=&#8221;yes&#8221; content_placement=&#8221;top&#8221; column_margin=&#8221;90px&#8221; column_direction=&#8221;default&#8221; column_direction_tablet=&#8221;default&#8221; column_direction_phone=&#8221;default&#8221; text_align=&#8221;left&#8221; row_position=&#8221;default&#8221; row_position_tablet=&#8221;inherit&#8221; row_position_phone=&#8221;inherit&#8221; overflow=&#8221;visible&#8221; pointer_events=&#8221;all&#8221;][vc_column_inner column_padding=&#8221;padding-1-percent&#8221; column_padding_tablet=&#8221;no-extra-padding&#8221; column_padding_phone=&#8221;no-extra-padding&#8221; column_padding_position=&#8221;all&#8221; column_element_direction_desktop=&#8221;default&#8221; column_element_spacing=&#8221;default&#8221; desktop_text_alignment=&#8221;default&#8221; tablet_text_alignment=&#8221;default&#8221; phone_text_alignment=&#8221;default&#8221; background_color_opacity=&#8221;1&#8243; background_hover_color_opacity=&#8221;1&#8243; column_backdrop_filter=&#8221;none&#8221; column_shadow=&#8221;none&#8221; column_border_radius=&#8221;none&#8221; column_link_target=&#8221;_self&#8221; overflow=&#8221;visible&#8221; advanced_gradient_angle=&#8221;0&#8243; gradient_direction=&#8221;left_to_right&#8221; overlay_strength=&#8221;0.3&#8243; width=&#8221;1\/3&#8243; tablet_width_inherit=&#8221;default&#8221; animation_type=&#8221;default&#8221; bg_image_animation=&#8221;none&#8221; border_type=&#8221;simple&#8221; column_border_width=&#8221;none&#8221; column_border_style=&#8221;solid&#8221; gradient_type=&#8221;default&#8221;][nectar_cascading_images image_1_bg_color=&#8221;rgba(255,104,0,0.5)&#8221; image_1_offset_x_sign=&#8221;+&#8221; image_1_offset_x=&#8221;20%&#8221; image_1_offset_y_sign=&#8221;+&#8221; image_1_offset_y=&#8221;20%&#8221; image_1_rotate_sign=&#8221;+&#8221; image_1_rotate=&#8221;none&#8221; image_1_scale=&#8221;1&#8243; image_1_padding=&#8221;none&#8221; image_1_box_shadow=&#8221;none&#8221; image_1_max_width_desktop=&#8221;100%&#8221; image_1_max_width_mobile=&#8221;100%&#8221; image_1_image_width_mobile=&#8221;default&#8221; image_2_url=&#8221;206&#8243; image_2_offset_x_sign=&#8221;+&#8221; image_2_offset_x=&#8221;0%&#8221; image_2_offset_y_sign=&#8221;+&#8221; image_2_offset_y=&#8221;10%&#8221; image_2_rotate_sign=&#8221;+&#8221; image_2_rotate=&#8221;none&#8221; image_2_scale=&#8221;1&#8243; image_2_padding=&#8221;none&#8221; image_2_box_shadow=&#8221;none&#8221; image_2_max_width_desktop=&#8221;100%&#8221; image_2_max_width_mobile=&#8221;100%&#8221; image_2_image_width_mobile=&#8221;default&#8221; image_3_offset_x_sign=&#8221;+&#8221; image_3_offset_x=&#8221;0%&#8221; image_3_offset_y_sign=&#8221;+&#8221; image_3_offset_y=&#8221;0%&#8221; image_3_rotate_sign=&#8221;+&#8221; image_3_rotate=&#8221;none&#8221; image_3_scale=&#8221;1&#8243; image_3_padding=&#8221;auto&#8221; image_3_box_shadow=&#8221;none&#8221; image_3_max_width_desktop=&#8221;100%&#8221; image_3_max_width_mobile=&#8221;100%&#8221; image_3_image_width_mobile=&#8221;default&#8221; image_4_offset_x_sign=&#8221;+&#8221; image_4_offset_x=&#8221;0%&#8221; image_4_offset_y_sign=&#8221;+&#8221; image_4_offset_y=&#8221;0%&#8221; image_4_rotate_sign=&#8221;+&#8221; image_4_rotate=&#8221;none&#8221; image_4_scale=&#8221;1&#8243; image_4_padding=&#8221;auto&#8221; image_4_box_shadow=&#8221;none&#8221; image_4_max_width_desktop=&#8221;100%&#8221; image_4_max_width_mobile=&#8221;100%&#8221; image_4_image_width_mobile=&#8221;default&#8221; element_sizing=&#8221;forced&#8221; element_sizing_aspect=&#8221;1-1&#8243; image_loading=&#8221;default&#8221; border_radius=&#8221;none&#8221; parallax_scrolling=&#8221;yes&#8221; layer_1_parallax_scrolling=&#8221;no&#8221; parallax_scrolling_intensity=&#8221;subtle&#8221; overflow=&#8221;hidden&#8221;][\/vc_column_inner][vc_column_inner column_padding=&#8221;padding-1-percent&#8221; column_padding_tablet=&#8221;inherit&#8221; column_padding_phone=&#8221;no-extra-padding&#8221; column_padding_position=&#8221;all&#8221; top_margin_tablet=&#8221;0&#8243; top_margin_phone=&#8221;4%&#8221; column_element_direction_desktop=&#8221;default&#8221; column_element_spacing=&#8221;default&#8221; desktop_text_alignment=&#8221;default&#8221; tablet_text_alignment=&#8221;default&#8221; phone_text_alignment=&#8221;default&#8221; background_color_opacity=&#8221;1&#8243; background_hover_color_opacity=&#8221;1&#8243; column_backdrop_filter=&#8221;none&#8221; column_shadow=&#8221;none&#8221; column_border_radius=&#8221;none&#8221; column_link_target=&#8221;_self&#8221; overflow=&#8221;visible&#8221; advanced_gradient_angle=&#8221;0&#8243; gradient_direction=&#8221;left_to_right&#8221; overlay_strength=&#8221;0.3&#8243; width=&#8221;2\/3&#8243; tablet_width_inherit=&#8221;default&#8221; animation_type=&#8221;default&#8221; bg_image_animation=&#8221;none&#8221; parallax_bg=&#8221;true&#8221; parallax_bg_speed=&#8221;fast&#8221; border_type=&#8221;simple&#8221; column_border_width=&#8221;none&#8221; column_border_style=&#8221;solid&#8221; gradient_type=&#8221;default&#8221;][split_line_heading animation_type=&#8221;line-reveal-by-space&#8221; font_style=&#8221;h3&#8243; line_reveal_by_space_text_effect=&#8221;default&#8221; stagger_animation=&#8221;true&#8221; content_alignment=&#8221;left&#8221; mobile_content_alignment=&#8221;inherit&#8221; link_target=&#8221;_self&#8221; text_content=&#8221;Shore Portable Hardness Tester&#8221; max_width=&#8221;550&#8243;][\/split_line_heading][vc_column_text max_width=&#8221;550&#8243;]\n<h5>Dur\u00f3metro port\u00e1til para medici\u00f3n de dureza Shore<\/h5>\n[\/vc_column_text]<div class=\"nectar-fancy-ul\" data-list-icon=\"icon-salient-thin-line\" data-animation=\"false\" data-animation-delay=\"0\" data-color=\"extra-color-1\" data-spacing=\"default\" data-alignment=\"left\"> \n<ul>\n<li class=\"cuerpodetexto\">Medici\u00f3n precisa y fiable de la dureza shore de superficie de materiales como pl\u00e1sticos, gomas, textiles, etc. en base a las normas DIN 53.505, UNE-EN ISO 868 y ASTM D-2240.<\/li>\n<li class=\"cuerpodetexto\">Manejo c\u00f3modo, pudiendo utilizarse en laboratorio de control de calidad o en el lugar en que trabajan los materiales.<\/li>\n<li class=\"cuerpodetexto\">Capacidad de 0 a 100 unidades shore.<\/li>\n<li class=\"cuerpodetexto\">Consultar la posibilidad de disponer de dur\u00f3metros de escalas especiales (shore 0, 00, etc.).<\/li>\n<li class=\"cuerpodetexto\">Incluyen galga reguladora para verificaci\u00f3n del dur\u00f3metro.<\/li>\n<\/ul>\n <\/div>[vc_column_text]<strong>Escala Shore A<\/strong><br \/>\nPara goma blanda: Goma vulcanizada blanda y cualquier material elastom\u00e9rico, goma natual, neopreno, PVC blando, resina, cera, fieltro, cuero, otros.<br \/>\n<strong>Escala Shore C<\/strong><br \/>\nPara goma de dureza media:<br \/>\nGomas y pl\u00e1sicos de dureza media, yesos, escayolas, etc.<br \/>\n<strong>Escala Shore D<\/strong><br \/>\nPara goma dura: l\u00e1minas de termopl\u00e1stico duro, goma dura y pl\u00e1sticos de m\u00e1s alto grado de dureza, plexigl\u00e1s, poliestireno, l\u00e1minas de vinilo, celulosa, acetato, laminados termoest\u00e1ticos, como la f\u00f3rmica, etc.[\/vc_column_text][\/vc_column_inner][\/vc_row_inner][\/vc_column][\/vc_row]\n","protected":false},"excerpt":{"rendered":"<p>[vc_row type=&#8221;in_container&#8221; full_screen_row_position=&#8221;middle&#8221; column_margin=&#8221;default&#8221; column_direction=&#8221;default&#8221; column_direction_tablet=&#8221;default&#8221; column_direction_phone=&#8221;default&#8221; scene_position=&#8221;center&#8221; text_color=&#8221;dark&#8221; text_align=&#8221;left&#8221; row_border_radius=&#8221;none&#8221; row_border_radius_applies=&#8221;bg&#8221; overflow=&#8221;visible&#8221; overlay_strength=&#8221;0.3&#8243; gradient_direction=&#8221;left_to_right&#8221; shape_divider_position=&#8221;bottom&#8221; bg_image_animation=&#8221;none&#8221;][vc_column column_padding=&#8221;no-extra-padding&#8221; column_padding_tablet=&#8221;inherit&#8221; column_padding_phone=&#8221;inherit&#8221; column_padding_position=&#8221;all&#8221; column_element_direction_desktop=&#8221;default&#8221; column_element_spacing=&#8221;default&#8221; desktop_text_alignment=&#8221;default&#8221; tablet_text_alignment=&#8221;default&#8221; phone_text_alignment=&#8221;default&#8221; background_color_opacity=&#8221;1&#8243; background_hover_color_opacity=&#8221;1&#8243; column_backdrop_filter=&#8221;none&#8221; column_shadow=&#8221;none&#8221;&#8230;<\/p>\n","protected":false},"author":1,"featured_media":0,"parent":4289,"menu_order":0,"comment_status":"closed","ping_status":"closed","template":"","meta":{"_tocer_settings":[],"footnotes":""},"class_list":["post-5497","page","type-page","status-publish"],"yoast_head":"<!-- This site is optimized with the Yoast SEO plugin v23.3 - https:\/\/yoast.com\/wordpress\/plugins\/seo\/ -->\n<title>Durometers - ControlGraf<\/title>\n<meta name=\"description\" content=\"Durometers - ControlGraf\" \/>\n<meta name=\"robots\" content=\"index, follow, max-snippet:-1, max-image-preview:large, max-video-preview:-1\" \/>\n<link rel=\"canonical\" href=\"https:\/\/www.controlgraf.com\/en\/qa\/durometers\/\" \/>\n<meta property=\"og:locale\" content=\"en_US\" \/>\n<meta property=\"og:type\" content=\"article\" \/>\n<meta property=\"og:title\" content=\"Durometers - ControlGraf\" \/>\n<meta property=\"og:description\" content=\"Durometers - ControlGraf\" \/>\n<meta property=\"og:url\" content=\"https:\/\/www.controlgraf.com\/en\/qa\/durometers\/\" \/>\n<meta property=\"og:site_name\" content=\"ControlGraf\" \/>\n<meta property=\"article:modified_time\" content=\"2025-09-01T13:15:26+00:00\" \/>\n<meta name=\"twitter:card\" content=\"summary_large_image\" \/>\n<meta name=\"twitter:label1\" content=\"Est. reading time\" \/>\n\t<meta name=\"twitter:data1\" content=\"1 minute\" \/>\n<script type=\"application\/ld+json\" class=\"yoast-schema-graph\">{\"@context\":\"https:\/\/schema.org\",\"@graph\":[{\"@type\":\"WebPage\",\"@id\":\"https:\/\/www.controlgraf.com\/en\/qa\/durometers\/\",\"url\":\"https:\/\/www.controlgraf.com\/en\/qa\/durometers\/\",\"name\":\"Durometers - ControlGraf\",\"isPartOf\":{\"@id\":\"https:\/\/www.controlgraf.com\/#website\"},\"datePublished\":\"2022-02-21T10:16:52+00:00\",\"dateModified\":\"2025-09-01T13:15:26+00:00\",\"description\":\"Durometers - ControlGraf\",\"breadcrumb\":{\"@id\":\"https:\/\/www.controlgraf.com\/en\/qa\/durometers\/#breadcrumb\"},\"inLanguage\":\"en-US\",\"potentialAction\":[{\"@type\":\"ReadAction\",\"target\":[\"https:\/\/www.controlgraf.com\/en\/qa\/durometers\/\"]}]},{\"@type\":\"BreadcrumbList\",\"@id\":\"https:\/\/www.controlgraf.com\/en\/qa\/durometers\/#breadcrumb\",\"itemListElement\":[{\"@type\":\"ListItem\",\"position\":1,\"name\":\"Portada\",\"item\":\"https:\/\/www.controlgraf.com\/en\/beginning\/\"},{\"@type\":\"ListItem\",\"position\":2,\"name\":\"QA\",\"item\":\"https:\/\/www.controlgraf.com\/en\/qa\/\"},{\"@type\":\"ListItem\",\"position\":3,\"name\":\"Durometers\"}]},{\"@type\":\"WebSite\",\"@id\":\"https:\/\/www.controlgraf.com\/#website\",\"url\":\"https:\/\/www.controlgraf.com\/\",\"name\":\"ControlGraf\",\"description\":\"Recambios para la Industria gr\u00e1fica\",\"publisher\":{\"@id\":\"https:\/\/www.controlgraf.com\/#organization\"},\"potentialAction\":[{\"@type\":\"SearchAction\",\"target\":{\"@type\":\"EntryPoint\",\"urlTemplate\":\"https:\/\/www.controlgraf.com\/?s={search_term_string}\"},\"query-input\":\"required name=search_term_string\"}],\"inLanguage\":\"en-US\"},{\"@type\":\"Organization\",\"@id\":\"https:\/\/www.controlgraf.com\/#organization\",\"name\":\"ControlGraf\",\"url\":\"https:\/\/www.controlgraf.com\/\",\"logo\":{\"@type\":\"ImageObject\",\"inLanguage\":\"en-US\",\"@id\":\"https:\/\/www.controlgraf.com\/#\/schema\/logo\/image\/\",\"url\":\"https:\/\/www.controlgraf.com\/wp-content\/uploads\/2022\/02\/logo-caligraf-630.jpg\",\"contentUrl\":\"https:\/\/www.controlgraf.com\/wp-content\/uploads\/2022\/02\/logo-caligraf-630.jpg\",\"width\":630,\"height\":67,\"caption\":\"ControlGraf\"},\"image\":{\"@id\":\"https:\/\/www.controlgraf.com\/#\/schema\/logo\/image\/\"}}]}<\/script>\n<!-- \/ Yoast SEO plugin. -->","yoast_head_json":{"title":"Durometers - ControlGraf","description":"Durometers - ControlGraf","robots":{"index":"index","follow":"follow","max-snippet":"max-snippet:-1","max-image-preview":"max-image-preview:large","max-video-preview":"max-video-preview:-1"},"canonical":"https:\/\/www.controlgraf.com\/en\/qa\/durometers\/","og_locale":"en_US","og_type":"article","og_title":"Durometers - ControlGraf","og_description":"Durometers - ControlGraf","og_url":"https:\/\/www.controlgraf.com\/en\/qa\/durometers\/","og_site_name":"ControlGraf","article_modified_time":"2025-09-01T13:15:26+00:00","twitter_card":"summary_large_image","twitter_misc":{"Est. reading time":"1 minute"},"schema":{"@context":"https:\/\/schema.org","@graph":[{"@type":"WebPage","@id":"https:\/\/www.controlgraf.com\/en\/qa\/durometers\/","url":"https:\/\/www.controlgraf.com\/en\/qa\/durometers\/","name":"Durometers - ControlGraf","isPartOf":{"@id":"https:\/\/www.controlgraf.com\/#website"},"datePublished":"2022-02-21T10:16:52+00:00","dateModified":"2025-09-01T13:15:26+00:00","description":"Durometers - ControlGraf","breadcrumb":{"@id":"https:\/\/www.controlgraf.com\/en\/qa\/durometers\/#breadcrumb"},"inLanguage":"en-US","potentialAction":[{"@type":"ReadAction","target":["https:\/\/www.controlgraf.com\/en\/qa\/durometers\/"]}]},{"@type":"BreadcrumbList","@id":"https:\/\/www.controlgraf.com\/en\/qa\/durometers\/#breadcrumb","itemListElement":[{"@type":"ListItem","position":1,"name":"Portada","item":"https:\/\/www.controlgraf.com\/en\/beginning\/"},{"@type":"ListItem","position":2,"name":"QA","item":"https:\/\/www.controlgraf.com\/en\/qa\/"},{"@type":"ListItem","position":3,"name":"Durometers"}]},{"@type":"WebSite","@id":"https:\/\/www.controlgraf.com\/#website","url":"https:\/\/www.controlgraf.com\/","name":"ControlGraf","description":"Recambios para la Industria gr\u00e1fica","publisher":{"@id":"https:\/\/www.controlgraf.com\/#organization"},"potentialAction":[{"@type":"SearchAction","target":{"@type":"EntryPoint","urlTemplate":"https:\/\/www.controlgraf.com\/?s={search_term_string}"},"query-input":"required name=search_term_string"}],"inLanguage":"en-US"},{"@type":"Organization","@id":"https:\/\/www.controlgraf.com\/#organization","name":"ControlGraf","url":"https:\/\/www.controlgraf.com\/","logo":{"@type":"ImageObject","inLanguage":"en-US","@id":"https:\/\/www.controlgraf.com\/#\/schema\/logo\/image\/","url":"https:\/\/www.controlgraf.com\/wp-content\/uploads\/2022\/02\/logo-caligraf-630.jpg","contentUrl":"https:\/\/www.controlgraf.com\/wp-content\/uploads\/2022\/02\/logo-caligraf-630.jpg","width":630,"height":67,"caption":"ControlGraf"},"image":{"@id":"https:\/\/www.controlgraf.com\/#\/schema\/logo\/image\/"}}]}},"_links":{"self":[{"href":"https:\/\/www.controlgraf.com\/en\/wp-json\/wp\/v2\/pages\/5497"}],"collection":[{"href":"https:\/\/www.controlgraf.com\/en\/wp-json\/wp\/v2\/pages"}],"about":[{"href":"https:\/\/www.controlgraf.com\/en\/wp-json\/wp\/v2\/types\/page"}],"author":[{"embeddable":true,"href":"https:\/\/www.controlgraf.com\/en\/wp-json\/wp\/v2\/users\/1"}],"replies":[{"embeddable":true,"href":"https:\/\/www.controlgraf.com\/en\/wp-json\/wp\/v2\/comments?post=5497"}],"version-history":[{"count":5,"href":"https:\/\/www.controlgraf.com\/en\/wp-json\/wp\/v2\/pages\/5497\/revisions"}],"predecessor-version":[{"id":21631,"href":"https:\/\/www.controlgraf.com\/en\/wp-json\/wp\/v2\/pages\/5497\/revisions\/21631"}],"up":[{"embeddable":true,"href":"https:\/\/www.controlgraf.com\/en\/wp-json\/wp\/v2\/pages\/4289"}],"wp:attachment":[{"href":"https:\/\/www.controlgraf.com\/en\/wp-json\/wp\/v2\/media?parent=5497"}],"curies":[{"name":"wp","href":"https:\/\/api.w.org\/{rel}","templated":true}]}}